{"id":532,"date":"2024-12-28T11:55:18","date_gmt":"2024-12-28T11:55:18","guid":{"rendered":"https:\/\/timbertrade.ee\/privaatsuspoliitika\/"},"modified":"2025-01-07T20:49:00","modified_gmt":"2025-01-07T20:49:00","slug":"privacy-policy","status":"publish","type":"page","link":"https:\/\/timbertrade.ee\/en\/privacy-policy\/","title":{"rendered":"Privacy Policy"},"content":{"rendered":"\n<style type=\"text\/css\" data-created_by=\"avia_inline_auto\" id=\"style-css-av-4z59-f8fdfe48654142d338ddb80304414399\">\n.avia-section.av-4z59-f8fdfe48654142d338ddb80304414399{\nbackground-repeat:no-repeat;\nbackground-image:url(https:\/\/timbertrade.ee\/wp-content\/uploads\/2024\/12\/slaider.jpg);\nbackground-position:100% 0%;\nbackground-attachment:scroll;\n}\n.avia-section.av-4z59-f8fdfe48654142d338ddb80304414399 .av-section-color-overlay{\nopacity:0.4;\nbackground-color:#000000;\n}\n<\/style>\n<div id='av_section_1'  class='avia-section av-4z59-f8fdfe48654142d338ddb80304414399 main_color avia-section-default avia-no-shadow  avia-builder-el-0  el_before_av_section  avia-builder-el-first  avia-full-stretch avia-bg-style-scroll av-section-color-overlay-active av-minimum-height av-minimum-height-custom av-height-custom  container_wrap sidebar_right'  data-section-bg-repeat='stretch' data-av_minimum_height_px='200'><div class=\"av-section-color-overlay-wrap\"><div class=\"av-section-color-overlay\"><\/div><div class='container av-section-cont-open' style='height:200px'><main  role=\"main\" itemprop=\"mainContentOfPage\"  class='template-page content  av-content-small alpha units'><div class='post-entry post-entry-type-page post-entry-532'><div class='entry-content-wrapper clearfix'>\n\n<style type=\"text\/css\" data-created_by=\"avia_inline_auto\" id=\"style-css-av-m589iof6-26a22824342ce689fe4de8267d231013\">\n#top .av-special-heading.av-m589iof6-26a22824342ce689fe4de8267d231013{\npadding-bottom:10px;\ncolor:#ffffff;\n}\nbody .av-special-heading.av-m589iof6-26a22824342ce689fe4de8267d231013 .av-special-heading-tag .heading-char{\nfont-size:25px;\n}\n.av-special-heading.av-m589iof6-26a22824342ce689fe4de8267d231013 .special-heading-inner-border{\nborder-color:#ffffff;\n}\n.av-special-heading.av-m589iof6-26a22824342ce689fe4de8267d231013 .av-subheading{\nfont-size:15px;\n}\nbody .av-special-heading.av-m589iof6-26a22824342ce689fe4de8267d231013 .av-special-heading-tag .heading-wrap:before{\nborder-color:#ffffff;\n}\nbody .av-special-heading.av-m589iof6-26a22824342ce689fe4de8267d231013 .av-special-heading-tag .heading-wrap:after{\nborder-color:#ffffff;\n}\n<\/style>\n<div  class='av-special-heading av-m589iof6-26a22824342ce689fe4de8267d231013 av-special-heading-h1 custom-color-heading blockquote modern-quote  avia-builder-el-1  avia-builder-el-no-sibling '><h1 class='av-special-heading-tag '  itemprop=\"headline\"  >Privacy Policy<\/h1><div class=\"special-heading-border\"><div class=\"special-heading-inner-border\"><\/div><\/div><\/div>\n<\/div><\/div><\/main><!-- close content main element --><\/div><\/div><\/div><div id='av_section_2'  class='avia-section av-vh-74ef7de4d02b0a87a830fd66b84c587a main_color avia-section-small avia-no-border-styling  avia-builder-el-2  el_after_av_section  avia-builder-el-last  avia-bg-style-scroll container_wrap sidebar_right'  ><div class='container av-section-cont-open' ><div class='template-page content  av-content-small alpha units'><div class='post-entry post-entry-type-page post-entry-532'><div class='entry-content-wrapper clearfix'>\n<section  class='av_textblock_section av-m589jkei-6484f7477d5e5989aadc16574ef7f65a '   itemscope=\"itemscope\" itemtype=\"https:\/\/schema.org\/CreativeWork\" ><div class='avia_textblock'  itemprop=\"text\" ><p class=\"has-accent-color has-text-color\"><strong>Use of cookies and privacy policy on the timbertrade.ee website.<\/strong><\/p>\n<p>T\u00dc Eesti Puidum\u00fc\u00fcgikeskus is committed to protecting the privacy of customers and users. Thus, we follow the principles of this privacy policy regarding the collection, use, publication, transmission and storage of customer data. Our activities on the Internet are in accordance with all relevant activities and the corresponding legislation of the European Union and the laws of the Republic of Estonia.<\/p>\n<p class=\"has-accent-color has-text-color\"><strong>Collection and use of personal data<\/strong><\/p>\n<p>Personal data is data that is specifically or indirectly associated with you as a private person, which T\u00dc Eesti Puidum\u00fc\u00fcgikeskus collects and processes in order to fulfil a contract with an individual, to provide services or to contact them and to fulfil obligations arising from the law.<\/p>\n<p>Personal data can be collected in the following ways:<\/p>\n<ul class=\"wp-block-list\">\n<li>through providing contact information (including your name, personal identification code, postal address, telephone number, e-mail address, preferred contact method, etc.) on our website or elsewhere (e.g. in the office or at a meeting);<\/li>\n<li>through cookies when you use the website timbertrade.ee;<\/li>\n<li>through the person\u2019s contact details provided when performing a transaction.<\/li>\n<\/ul>\n<p class=\"has-accent-color has-text-color\"><strong>Collection of other data<\/strong><\/p>\n<p>We also collect non-personalised data \u2013 data that cannot be directly linked to a specific person (gender, age, language preference, location). We may also collect data about customer activities on our website. This data is aggregated and used so that we can provide more useful information to our customers and learn which parts of the website and services are of most interest to users. Aggregated data is treated as non-personalised data in this privacy policy.<\/p>\n<p class=\"has-accent-color has-text-color\"><strong>Use and storage of collected personal data<\/strong><\/p>\n<p>With the help of collected personal data, we can contact the customer, inform customers about news, new products, etc. A customer who does not wish to be on our newsletter list or receive notifications and direct marketing content can remove themselves from the target group of recipients at any time.<\/p>\n<p>We may use the collected personal data to fulfil our obligations to the customer.<\/p>\n<p>By accepting the terms of the privacy policy, the customer consents to the automated processing of their data. It is always possible to withdraw consent by making a statement in a form that enables written reproduction. There is no retroactive effect on the application or withdrawal of consent.<\/p>\n<p>We keep the customer\u2019s personal data as long as it is necessary to achieve the goals. The retention period depends on the need to respond to customer\u2019s inquiries. We retain data that we are obliged to store due to legislation (e.g. accounting data) based on the requirements set out in legislation.<\/p>\n<p class=\"has-accent-color has-text-color\"><strong>Cookies<\/strong><\/p>\n<p>The timbertrade.ee website uses cookies. The purpose of cookies is to ensure a better user experience and more effective marketing activities and to collect usage statistics using Google Analytics, which can be used to measure and improve the performance of the website.<\/p>\n<p>A cookie is a small text file that is automatically saved by the web browser on the device used by the customer. Cookies are used to collect information about how the customer uses the website in order to make the use of the website more personal and user-friendly for the customer. Cookies are often created by various service providers, for example Facebook. Cookie files are not dangerous for your computer.<\/p>\n<p>Cookies are usually either persistent or session cookies. Persistent cookies remain permanently on the user\u2019s computer, which are used, for example, to recognise repeat visitors to the website, to collect statistical data, etc. Session cookies are temporary and are deleted when the user leaves the website or the user closes the browser.<\/p>\n<p>If cookies are enabled in the user\u2019s web browser (often by default), this is considered acceptance of cookies. The user can disable the use of cookies on their device or delete cookies by changing the corresponding settings in their web browser. If cookies are not used, the website may not work correctly.<\/p>\n<p class=\"has-accent-color has-text-color\"><strong>Protection of personal data<\/strong><\/p>\n<p>We take all precautions (including administrative, technical and physical measures) to protect the customer\u2019s personal data. Only authorised persons have access to change and process data.<\/p>\n<p>If you suspect that your personal data has been handled contrary to what is described in this privacy policy or there is a risk that your data has been leaked to strangers, notify us immediately. This is the only way we can keep the potential damage as low as possible.<\/p>\n<p>The customer has the right to demand the termination of the processing of their data, request information about the use of their data and the transfer of data to them or a third party in a commonly used format. In order to avoid misuse of the customer\u2019s data and rights, requests may only be submitted in a form where the applicant can be identified (digitally signed or personally signed at the company\u2019s office). We reserve the right to respond to such requests within 30 days.<\/p>\n<p class=\"has-accent-color has-text-color\"><strong>Security<\/strong><\/p>\n<p>All personal data of the customer that become known during the visit of the website and the conclusion of contracts are treated as confidential information.<\/p>\n<p class=\"has-accent-color has-text-color\"><strong>Privacy Policy Terms and Conditions and Changes<\/strong><\/p>\n<p>By using our website, you have read and accepted these principles and conditions. We reserve the right to change the general terms and conditions of the privacy policy if necessary by notifying customers via e-mail, however, we do our best to keep our privacy policy up-to-date and available to you on our website.<\/p>\n<p>The responsible processor of the customer\u2019s personal data is T\u00dc Eesti Puidum\u00fc\u00fcgikeskus. For all questions or concerns about the privacy policy or data processing, please contact us at &#x65;&#x69;&#x6e;&#x61;&#x72;&#x40;&#x74;&#x69;&#x6d;&#x62;&#x65;&#114;&#116;&#114;&#97;&#100;&#101;&#46;ee.<\/p>\n<p>You always have the right to contact the Data Protection Inspectorate or the court to protect your data. The Data Protection Inspectorate is a state institution that can also be contacted for consultation or assistance on personal data protection issues.<\/p>\n<\/div><\/section>\n<\/div><\/div><\/div><!-- close content main div --><\/div><\/div><div id='after_section_2'  class='main_color av_default_container_wrap container_wrap sidebar_right'  ><div class='container av-section-cont-open' ><div class='template-page content  av-content-small alpha units'><div class='post-entry post-entry-type-page post-entry-532'><div class='entry-content-wrapper clearfix'><\/p>\n","protected":false},"excerpt":{"rendered":"","protected":false},"author":1,"featured_media":0,"parent":0,"menu_order":0,"comment_status":"closed","ping_status":"closed","template":"","meta":{"footnotes":""},"class_list":["post-532","page","type-page","status-publish","hentry"],"yoast_head":"<!-- This site is optimized with the Yoast SEO plugin v27.3 - https:\/\/yoast.com\/product\/yoast-seo-wordpress\/ -->\n<title>Privacy Policy - Eesti Puidum&uuml;&uuml;gikeskus<\/title>\n<meta name=\"robots\" content=\"index, follow, max-snippet:-1, max-image-preview:large, max-video-preview:-1\" \/>\n<link rel=\"canonical\" href=\"https:\/\/timbertrade.ee\/en\/privacy-policy\/\" \/>\n<meta property=\"og:locale\" content=\"en_US\" \/>\n<meta property=\"og:type\" content=\"article\" \/>\n<meta property=\"og:title\" content=\"Privacy Policy - Eesti Puidum&uuml;&uuml;gikeskus\" \/>\n<meta property=\"og:url\" content=\"https:\/\/timbertrade.ee\/en\/privacy-policy\/\" \/>\n<meta property=\"og:site_name\" content=\"Eesti Puidum&uuml;&uuml;gikeskus\" \/>\n<meta property=\"article:modified_time\" content=\"2025-01-07T20:49:00+00:00\" \/>\n<meta name=\"twitter:card\" content=\"summary_large_image\" \/>\n<meta name=\"twitter:label1\" content=\"Est. reading time\" \/>\n\t<meta name=\"twitter:data1\" content=\"4 minutes\" \/>\n<script type=\"application\/ld+json\" class=\"yoast-schema-graph\">{\"@context\":\"https:\\\/\\\/schema.org\",\"@graph\":[{\"@type\":\"WebPage\",\"@id\":\"https:\\\/\\\/timbertrade.ee\\\/en\\\/privacy-policy\\\/\",\"url\":\"https:\\\/\\\/timbertrade.ee\\\/en\\\/privacy-policy\\\/\",\"name\":\"Privacy Policy - Eesti Puidum&uuml;&uuml;gikeskus\",\"isPartOf\":{\"@id\":\"https:\\\/\\\/timbertrade.ee\\\/#website\"},\"datePublished\":\"2024-12-28T11:55:18+00:00\",\"dateModified\":\"2025-01-07T20:49:00+00:00\",\"breadcrumb\":{\"@id\":\"https:\\\/\\\/timbertrade.ee\\\/en\\\/privacy-policy\\\/#breadcrumb\"},\"inLanguage\":\"en-US\",\"potentialAction\":[{\"@type\":\"ReadAction\",\"target\":[\"https:\\\/\\\/timbertrade.ee\\\/en\\\/privacy-policy\\\/\"]}]},{\"@type\":\"BreadcrumbList\",\"@id\":\"https:\\\/\\\/timbertrade.ee\\\/en\\\/privacy-policy\\\/#breadcrumb\",\"itemListElement\":[{\"@type\":\"ListItem\",\"position\":1,\"name\":\"Home\",\"item\":\"https:\\\/\\\/timbertrade.ee\\\/en\\\/home\\\/\"},{\"@type\":\"ListItem\",\"position\":2,\"name\":\"Privacy Policy\"}]},{\"@type\":\"WebSite\",\"@id\":\"https:\\\/\\\/timbertrade.ee\\\/#website\",\"url\":\"https:\\\/\\\/timbertrade.ee\\\/\",\"name\":\"Eesti Puidum\u00fc\u00fcgikeskus\",\"description\":\"Metsa&uuml;histute puidu m&uuml;&uuml;gikeskus\",\"publisher\":{\"@id\":\"https:\\\/\\\/timbertrade.ee\\\/#organization\"},\"potentialAction\":[{\"@type\":\"SearchAction\",\"target\":{\"@type\":\"EntryPoint\",\"urlTemplate\":\"https:\\\/\\\/timbertrade.ee\\\/?s={search_term_string}\"},\"query-input\":{\"@type\":\"PropertyValueSpecification\",\"valueRequired\":true,\"valueName\":\"search_term_string\"}}],\"inLanguage\":\"en-US\"},{\"@type\":\"Organization\",\"@id\":\"https:\\\/\\\/timbertrade.ee\\\/#organization\",\"name\":\"Eesti Puidum\u00fc\u00fcgikeskus T\u00dc\",\"url\":\"https:\\\/\\\/timbertrade.ee\\\/\",\"logo\":{\"@type\":\"ImageObject\",\"inLanguage\":\"en-US\",\"@id\":\"https:\\\/\\\/timbertrade.ee\\\/#\\\/schema\\\/logo\\\/image\\\/\",\"url\":\"https:\\\/\\\/timbertrade.ee\\\/wp-content\\\/uploads\\\/2024\\\/12\\\/logo2.jpg\",\"contentUrl\":\"https:\\\/\\\/timbertrade.ee\\\/wp-content\\\/uploads\\\/2024\\\/12\\\/logo2.jpg\",\"width\":315,\"height\":85,\"caption\":\"Eesti Puidum\u00fc\u00fcgikeskus T\u00dc\"},\"image\":{\"@id\":\"https:\\\/\\\/timbertrade.ee\\\/#\\\/schema\\\/logo\\\/image\\\/\"}}]}<\/script>\n<!-- \/ Yoast SEO plugin. -->","yoast_head_json":{"title":"Privacy Policy - Eesti Puidum&uuml;&uuml;gikeskus","robots":{"index":"index","follow":"follow","max-snippet":"max-snippet:-1","max-image-preview":"max-image-preview:large","max-video-preview":"max-video-preview:-1"},"canonical":"https:\/\/timbertrade.ee\/en\/privacy-policy\/","og_locale":"en_US","og_type":"article","og_title":"Privacy Policy - Eesti Puidum&uuml;&uuml;gikeskus","og_url":"https:\/\/timbertrade.ee\/en\/privacy-policy\/","og_site_name":"Eesti Puidum&uuml;&uuml;gikeskus","article_modified_time":"2025-01-07T20:49:00+00:00","twitter_card":"summary_large_image","twitter_misc":{"Est. reading time":"4 minutes"},"schema":{"@context":"https:\/\/schema.org","@graph":[{"@type":"WebPage","@id":"https:\/\/timbertrade.ee\/en\/privacy-policy\/","url":"https:\/\/timbertrade.ee\/en\/privacy-policy\/","name":"Privacy Policy - Eesti Puidum&uuml;&uuml;gikeskus","isPartOf":{"@id":"https:\/\/timbertrade.ee\/#website"},"datePublished":"2024-12-28T11:55:18+00:00","dateModified":"2025-01-07T20:49:00+00:00","breadcrumb":{"@id":"https:\/\/timbertrade.ee\/en\/privacy-policy\/#breadcrumb"},"inLanguage":"en-US","potentialAction":[{"@type":"ReadAction","target":["https:\/\/timbertrade.ee\/en\/privacy-policy\/"]}]},{"@type":"BreadcrumbList","@id":"https:\/\/timbertrade.ee\/en\/privacy-policy\/#breadcrumb","itemListElement":[{"@type":"ListItem","position":1,"name":"Home","item":"https:\/\/timbertrade.ee\/en\/home\/"},{"@type":"ListItem","position":2,"name":"Privacy Policy"}]},{"@type":"WebSite","@id":"https:\/\/timbertrade.ee\/#website","url":"https:\/\/timbertrade.ee\/","name":"Eesti Puidum\u00fc\u00fcgikeskus","description":"Metsa&uuml;histute puidu m&uuml;&uuml;gikeskus","publisher":{"@id":"https:\/\/timbertrade.ee\/#organization"},"potentialAction":[{"@type":"SearchAction","target":{"@type":"EntryPoint","urlTemplate":"https:\/\/timbertrade.ee\/?s={search_term_string}"},"query-input":{"@type":"PropertyValueSpecification","valueRequired":true,"valueName":"search_term_string"}}],"inLanguage":"en-US"},{"@type":"Organization","@id":"https:\/\/timbertrade.ee\/#organization","name":"Eesti Puidum\u00fc\u00fcgikeskus T\u00dc","url":"https:\/\/timbertrade.ee\/","logo":{"@type":"ImageObject","inLanguage":"en-US","@id":"https:\/\/timbertrade.ee\/#\/schema\/logo\/image\/","url":"https:\/\/timbertrade.ee\/wp-content\/uploads\/2024\/12\/logo2.jpg","contentUrl":"https:\/\/timbertrade.ee\/wp-content\/uploads\/2024\/12\/logo2.jpg","width":315,"height":85,"caption":"Eesti Puidum\u00fc\u00fcgikeskus T\u00dc"},"image":{"@id":"https:\/\/timbertrade.ee\/#\/schema\/logo\/image\/"}}]}},"_links":{"self":[{"href":"https:\/\/timbertrade.ee\/en\/wp-json\/wp\/v2\/pages\/532","targetHints":{"allow":["GET"]}}],"collection":[{"href":"https:\/\/timbertrade.ee\/en\/wp-json\/wp\/v2\/pages"}],"about":[{"href":"https:\/\/timbertrade.ee\/en\/wp-json\/wp\/v2\/types\/page"}],"author":[{"embeddable":true,"href":"https:\/\/timbertrade.ee\/en\/wp-json\/wp\/v2\/users\/1"}],"replies":[{"embeddable":true,"href":"https:\/\/timbertrade.ee\/en\/wp-json\/wp\/v2\/comments?post=532"}],"version-history":[{"count":2,"href":"https:\/\/timbertrade.ee\/en\/wp-json\/wp\/v2\/pages\/532\/revisions"}],"predecessor-version":[{"id":534,"href":"https:\/\/timbertrade.ee\/en\/wp-json\/wp\/v2\/pages\/532\/revisions\/534"}],"wp:attachment":[{"href":"https:\/\/timbertrade.ee\/en\/wp-json\/wp\/v2\/media?parent=532"}],"curies":[{"name":"wp","href":"https:\/\/api.w.org\/{rel}","templated":true}]}}